{"id":834,"date":"2016-11-07T08:27:46","date_gmt":"2016-11-07T07:27:46","guid":{"rendered":"http:\/\/www.goldschmiedeinnung-stuttgart.de\/?page_id=834"},"modified":"2019-03-20T08:23:41","modified_gmt":"2019-03-20T07:23:41","slug":"stephanie-henzler-2","status":"publish","type":"page","link":"http:\/\/www.goldschmiedeinnung-stuttgart.de\/?page_id=834","title":{"rendered":"Stephanie Henzler"},"content":{"rendered":"<p><img loading=\"lazy\" decoding=\"async\" class=\"wp-image-821 aligncenter\" style=\"border: 0px solid #000000;\" src=\"http:\/\/www.goldschmiedeinnung-stuttgart.de\/wp-content\/uploads\/2016\/11\/Henzler-300x200.jpg\" alt=\"henzler\" width=\"210\" height=\"140\" srcset=\"http:\/\/www.goldschmiedeinnung-stuttgart.de\/wp-content\/uploads\/2016\/11\/Henzler-300x200.jpg 300w, http:\/\/www.goldschmiedeinnung-stuttgart.de\/wp-content\/uploads\/2016\/11\/Henzler.jpg 474w\" sizes=\"(max-width: 210px) 100vw, 210px\" \/><\/p>\n<p><span style=\"font-size: 10pt;\">Meine Kreativschmiede befindet sich im Herzen der N\u00fcrtinger Altstadt. <\/span><span style=\"font-size: 10pt;\">So einzigartig wie die R\u00e4umlichkeiten, sind auch meine Schmuckst\u00fccke. Einen kleinen Einblick bietet ein <strong><span style=\"color: #993366;\"><a style=\"color: #993366;\" href=\"https:\/\/www.youtube.com\/watch?v=SUP3pKkJb6E&amp;feature=youtu.be\">Film<\/a><\/span><\/strong> der Landesschau Baden-W\u00fcrttemberg.<br \/>\n<\/span><\/p>\n<p><img loading=\"lazy\" decoding=\"async\" class=\"wp-image-820  aligncenter\" style=\"border: 0px solid #000000;\" src=\"http:\/\/www.goldschmiedeinnung-stuttgart.de\/wp-content\/uploads\/2016\/11\/Gesch\u00e4ft-300x225.jpg\" alt=\"geschaeft\" width=\"271\" height=\"203\" srcset=\"http:\/\/www.goldschmiedeinnung-stuttgart.de\/wp-content\/uploads\/2016\/11\/Gesch\u00e4ft-300x225.jpg 300w, http:\/\/www.goldschmiedeinnung-stuttgart.de\/wp-content\/uploads\/2016\/11\/Gesch\u00e4ft.jpg 699w\" sizes=\"(max-width: 271px) 100vw, 271px\" \/><\/p>\n<p><span style=\"font-size: 10pt;\">Schmuck-Design hei\u00dft f\u00fcr mich beobachten, spielen und experimentieren. Aus Ideen, verschiedenen edlen Materialien und Farben entstehen so Schmuckst\u00fccke mit Charakter. Zeitlos und individuell im Design. Ob f\u00fcr jeden Tag oder die besondere Gelegenheit.<\/span><\/p>\n<p><img loading=\"lazy\" decoding=\"async\" class=\"wp-image-839 aligncenter\" style=\"border: 0px solid #000000;\" src=\"http:\/\/www.goldschmiedeinnung-stuttgart.de\/wp-content\/uploads\/2016\/11\/Ringe_1-300x257.jpg\" alt=\"ringe_1\" width=\"226\" height=\"194\" srcset=\"http:\/\/www.goldschmiedeinnung-stuttgart.de\/wp-content\/uploads\/2016\/11\/Ringe_1-300x257.jpg 300w, http:\/\/www.goldschmiedeinnung-stuttgart.de\/wp-content\/uploads\/2016\/11\/Ringe_1.jpg 569w\" sizes=\"(max-width: 226px) 100vw, 226px\" \/><\/p>\n<p><span style=\"font-size: 10pt;\">Jeder Mensch ist einzigartig und das sollte auch sein Schmuck sein. Deshalb achte ich besonders darauf, die Individualit\u00e4t des Menschen mit dem pers\u00f6nlichen Schmuckst\u00fcck zu unterstreichen.<br \/>\n<\/span><\/p>\n<p><img loading=\"lazy\" decoding=\"async\" class=\"wp-image-838  aligncenter\" style=\"border: 0px solid #000000;\" src=\"http:\/\/www.goldschmiedeinnung-stuttgart.de\/wp-content\/uploads\/2016\/11\/ketten_1-250x300.jpg\" alt=\"ketten_1\" width=\"205\" height=\"246\" srcset=\"http:\/\/www.goldschmiedeinnung-stuttgart.de\/wp-content\/uploads\/2016\/11\/ketten_1-250x300.jpg 250w, http:\/\/www.goldschmiedeinnung-stuttgart.de\/wp-content\/uploads\/2016\/11\/ketten_1.jpg 539w\" sizes=\"(max-width: 205px) 100vw, 205px\" \/><\/p>\n<p><span style=\"font-size: 10pt;\"><strong>Goldschmiede Atelier Stephanie Henzler<\/strong> <\/span><br \/>\n<span style=\"font-size: 10pt;\"> Schlossgartenstr. 12, 72622 N\u00fcrtingen, Tel \/ Fax 07022 9790 -94 \/ -95<\/span><br \/>\n<span style=\"font-size: 10pt;\"> <a href=\"mailto:mail@stephanie-henzler.de\">mail@stephanie-henzler.de<\/a>, <a href=\"http:\/\/www.stephanie-henzler.de\" target=\"_blank\" rel=\"noopener\">www.stephanie-henzler.de<\/a><\/span><\/p>\n<p><span style=\"font-size: 10pt;\">\u00d6ffnungszeiten:\u00a0\u00a0\u00a0\u00a0 Di-Fr 9.30-12.30, 14-18 Uhr\u00a0 \u00a0\u00a0\u00a0\u00a0<\/span><span style=\"font-size: 10pt;\"> Samstag 9.30 \u2013 14 Uhr<\/span><\/p>\n<p><a href=\"https:\/\/www.youtube.com\/watch?v=SUP3pKkJb6E&#038;feature=youtu.be\">https:\/\/www.youtube.com\/watch?v=SUP3pKkJb6E&amp;feature=youtu.be<\/a><\/p>\n","protected":false},"excerpt":{"rendered":"<p>Meine Kreativschmiede befindet sich im Herzen der N\u00fcrtinger Altstadt. So einzigartig wie die R\u00e4umlichkeiten, sind auch meine Schmuckst\u00fccke. Einen kleinen Einblick bietet ein Film der Landesschau Baden-W\u00fcrttemberg. Schmuck-Design hei\u00dft f\u00fcr mich beobachten, spielen und experimentieren. Aus Ideen, verschiedenen edlen Materialien und Farben entstehen so Schmuckst\u00fccke mit Charakter. Zeitlos und individuell im Design. Ob f\u00fcr jeden [&hellip;]<\/p>\n","protected":false},"author":1,"featured_media":0,"parent":194,"menu_order":15,"comment_status":"closed","ping_status":"closed","template":"","meta":{"ngg_post_thumbnail":0,"footnotes":""},"class_list":["post-834","page","type-page","status-publish","hentry"],"_links":{"self":[{"href":"http:\/\/www.goldschmiedeinnung-stuttgart.de\/index.php?rest_route=\/wp\/v2\/pages\/834"}],"collection":[{"href":"http:\/\/www.goldschmiedeinnung-stuttgart.de\/index.php?rest_route=\/wp\/v2\/pages"}],"about":[{"href":"http:\/\/www.goldschmiedeinnung-stuttgart.de\/index.php?rest_route=\/wp\/v2\/types\/page"}],"author":[{"embeddable":true,"href":"http:\/\/www.goldschmiedeinnung-stuttgart.de\/index.php?rest_route=\/wp\/v2\/users\/1"}],"replies":[{"embeddable":true,"href":"http:\/\/www.goldschmiedeinnung-stuttgart.de\/index.php?rest_route=%2Fwp%2Fv2%2Fcomments&post=834"}],"version-history":[{"count":12,"href":"http:\/\/www.goldschmiedeinnung-stuttgart.de\/index.php?rest_route=\/wp\/v2\/pages\/834\/revisions"}],"predecessor-version":[{"id":1369,"href":"http:\/\/www.goldschmiedeinnung-stuttgart.de\/index.php?rest_route=\/wp\/v2\/pages\/834\/revisions\/1369"}],"up":[{"embeddable":true,"href":"http:\/\/www.goldschmiedeinnung-stuttgart.de\/index.php?rest_route=\/wp\/v2\/pages\/194"}],"wp:attachment":[{"href":"http:\/\/www.goldschmiedeinnung-stuttgart.de\/index.php?rest_route=%2Fwp%2Fv2%2Fmedia&parent=834"}],"curies":[{"name":"wp","href":"https:\/\/api.w.org\/{rel}","templated":true}]}}