{"id":72,"date":"2012-02-01T13:49:54","date_gmt":"2012-02-01T13:49:54","guid":{"rendered":"http:\/\/wp.goldschmiedeinnung-stuttgart.de\/?page_id=72"},"modified":"2025-06-03T10:10:51","modified_gmt":"2025-06-03T08:10:51","slug":"vorstand","status":"publish","type":"page","link":"http:\/\/www.goldschmiedeinnung-stuttgart.de\/?page_id=72","title":{"rendered":"Vorstand"},"content":{"rendered":"<p>Vorstandswahlen von 25. M\u00e4rz 2025<\/p>\n<p><strong>Obermeisterin<\/strong><br \/>\nDina Marschall<\/p>\n<p><strong>stellvertretende Obermeisterin<\/strong><br \/>\nMarion Sch\u00e4fer<\/p>\n<p><strong>weitere Vorstandsmitglieder<\/strong><br \/>\nStephanie Henzler, Tina Morcher und Antje Probst<\/p>\n<p><strong>Kassenpr\u00fcfer<\/strong><br \/>\nAnja Stober&nbsp;&nbsp;<\/p>\n","protected":false},"excerpt":{"rendered":"<p>Vorstandswahlen von 25. M\u00e4rz 2025 Obermeisterin Dina Marschall stellvertretende Obermeisterin Marion Sch\u00e4fer weitere Vorstandsmitglieder Stephanie Henzler, Tina Morcher und Antje Probst Kassenpr\u00fcfer Anja Stober&nbsp;&nbsp;<\/p>\n","protected":false},"author":1,"featured_media":0,"parent":25,"menu_order":0,"comment_status":"closed","ping_status":"closed","template":"","meta":{"ngg_post_thumbnail":0,"footnotes":""},"class_list":["post-72","page","type-page","status-publish","hentry"],"_links":{"self":[{"href":"http:\/\/www.goldschmiedeinnung-stuttgart.de\/index.php?rest_route=\/wp\/v2\/pages\/72"}],"collection":[{"href":"http:\/\/www.goldschmiedeinnung-stuttgart.de\/index.php?rest_route=\/wp\/v2\/pages"}],"about":[{"href":"http:\/\/www.goldschmiedeinnung-stuttgart.de\/index.php?rest_route=\/wp\/v2\/types\/page"}],"author":[{"embeddable":true,"href":"http:\/\/www.goldschmiedeinnung-stuttgart.de\/index.php?rest_route=\/wp\/v2\/users\/1"}],"replies":[{"embeddable":true,"href":"http:\/\/www.goldschmiedeinnung-stuttgart.de\/index.php?rest_route=%2Fwp%2Fv2%2Fcomments&post=72"}],"version-history":[{"count":15,"href":"http:\/\/www.goldschmiedeinnung-stuttgart.de\/index.php?rest_route=\/wp\/v2\/pages\/72\/revisions"}],"predecessor-version":[{"id":1961,"href":"http:\/\/www.goldschmiedeinnung-stuttgart.de\/index.php?rest_route=\/wp\/v2\/pages\/72\/revisions\/1961"}],"up":[{"embeddable":true,"href":"http:\/\/www.goldschmiedeinnung-stuttgart.de\/index.php?rest_route=\/wp\/v2\/pages\/25"}],"wp:attachment":[{"href":"http:\/\/www.goldschmiedeinnung-stuttgart.de\/index.php?rest_route=%2Fwp%2Fv2%2Fmedia&parent=72"}],"curies":[{"name":"wp","href":"https:\/\/api.w.org\/{rel}","templated":true}]}}