{"id":547,"date":"2014-07-01T11:25:15","date_gmt":"2014-07-01T09:25:15","guid":{"rendered":"http:\/\/goldschmiedeinnung-stuttgart.de\/?page_id=547"},"modified":"2016-10-28T08:01:15","modified_gmt":"2016-10-28T06:01:15","slug":"kathrin-dunst","status":"publish","type":"page","link":"http:\/\/www.goldschmiedeinnung-stuttgart.de\/?page_id=547","title":{"rendered":"Kathrin Dunst"},"content":{"rendered":"<p><a href=\"http:\/\/www.goldschmiedeinnung-stuttgart.de\/wp-content\/uploads\/2014\/08\/logo.jpg\"><img loading=\"lazy\" decoding=\"async\" class=\"size-full wp-image-564 alignleft\" style=\"border: 0px none;\" title=\"logo\" src=\"http:\/\/www.goldschmiedeinnung-stuttgart.de\/wp-content\/uploads\/2014\/08\/logo.jpg\" alt=\"\" width=\"300\" height=\"106\" \/><\/a><\/p>\n<p>&nbsp;<\/p>\n<p>&nbsp;<\/p>\n<p>&nbsp;<\/p>\n<p>&nbsp;<\/p>\n<p style=\"text-align: left;\"><a href=\"http:\/\/www.goldschmiedeinnung-stuttgart.de\/wp-content\/uploads\/2014\/08\/kathrin-dunst2.jpg\"><img loading=\"lazy\" decoding=\"async\" class=\"size-large wp-image-567 alignleft\" style=\"border: 0px none;\" title=\"kathrin-dunst\" src=\"http:\/\/www.goldschmiedeinnung-stuttgart.de\/wp-content\/uploads\/2014\/08\/kathrin-dunst2-1024x228.jpg\" alt=\"\" width=\"620\" height=\"138\" srcset=\"http:\/\/www.goldschmiedeinnung-stuttgart.de\/wp-content\/uploads\/2014\/08\/kathrin-dunst2-1024x228.jpg 1024w, http:\/\/www.goldschmiedeinnung-stuttgart.de\/wp-content\/uploads\/2014\/08\/kathrin-dunst2-300x66.jpg 300w\" sizes=\"(max-width: 620px) 100vw, 620px\" \/><\/a><\/p>\n<p><strong>Zartheit \u2013 Nat\u00fcrlichkeit \u2013 Romantik \u2013 Idee \u2013 Handwerk \u2013 Kunst<\/strong><\/p>\n<p><strong>Meine Inspiration:<\/strong><\/p>\n<p>Es fasziniert mich, wie verknitterte Bl\u00fctenbl\u00e4tter in einer Kapsel liegend ihre seidig glatte und filigrane Sch\u00f6nheit entfalten. Wie sie sich verspielt<\/p>\n<p>im Wind wiegen. Wie wundersch\u00f6ne und \u2013 jede f\u00fcr sich einzigartige \u2013 feingliedrige Kapseln zur\u00fcckbleiben. Das ist reine Sch\u00f6nheit.<\/p>\n<p><strong>Mein Grundgedanke:<\/strong><\/p>\n<p>Nat\u00fcrliche Farben, Formen und Materialien sowie traditionelle Techniken der Goldschmiedekunst gepaart mit Neugier und Experimentierfreudigkeit.<\/p>\n<p>Stilistische Harmonie, professionelle Handwerkskunst und edelste Materialien.<\/p>\n<p><strong>Mein Angebot:<\/strong><\/p>\n<p>Tragbarer Schmuck und eigenst\u00e4ndige Accessoires \u2013 jedes St\u00fcck f\u00fcr sich ein Unikat.<\/p>\n<p style=\"text-align: left;\">\u00a0<a href=\"http:\/\/www.goldschmiedeinnung-stuttgart.de\/wp-content\/uploads\/2014\/08\/schmuck.jpg\"><img loading=\"lazy\" decoding=\"async\" class=\"aligncenter size-large wp-image-568\" style=\"border: 0px none;\" title=\"schmuck\" src=\"http:\/\/www.goldschmiedeinnung-stuttgart.de\/wp-content\/uploads\/2014\/08\/schmuck-1024x622.jpg\" alt=\"\" width=\"620\" height=\"376\" srcset=\"http:\/\/www.goldschmiedeinnung-stuttgart.de\/wp-content\/uploads\/2014\/08\/schmuck-1024x622.jpg 1024w, http:\/\/www.goldschmiedeinnung-stuttgart.de\/wp-content\/uploads\/2014\/08\/schmuck-300x182.jpg 300w\" sizes=\"(max-width: 620px) 100vw, 620px\" \/><\/a><\/p>\n<p>Kathrin Dunst &#8211; Goldschmiedin\u00a0\u00a0\u00a0\u00a0\u00a0\u00a0\u00a0\u00a0\u00a0\u00a0\u00a0\u00a0\u00a0\u00a0\u00a0\u00a0\u00a0\u00a0\u00a0\u00a0\u00a0\u00a0\u00a0\u00a0\u00a0\u00a0\u00a0\u00a0\u00a0\u00a0\u00a0\u00a0\u00a0\u00a0\u00a0\u00a0\u00a0\u00a0\u00a0\u00a0\u00a0\u00a0\u00a0\u00a0\u00a0\u00a0\u00a0\u00a0\u00a0\u00a0\u00a0\u00a0\u00a0\u00a0\u00a0\u00a0\u00a0\u00a0\u00a0\u00a0\u00a0\u00a0\u00a0\u00a0\u00a0\u00a0\u00a0\u00a0\u00a0\u00a0\u00a0\u00a0\u00a0\u00a0\u00a0\u00a0\u00a0\u00a0\u00a0\u00a0\u00a0\u00a0\u00a0\u00a0\u00a0\u00a0\u00a0\u00a0\u00a0\u00a0\u00a0\u00a0\u00a0\u00a0\u00a0\u00a0\u00a0\u00a0\u00a0\u00a0\u00a0\u00a0\u00a0\u00a0\u00a0\u00a0\u00a0\u00a0\u00a0\u00a0\u00a0\u00a0\u00a0\u00a0\u00a0\u00a0\u00a0\u00a0\u00a0\u00a0\u00a0\u00a0\u00a0\u00a0\u00a0\u00a0\u00a0\u00a0\u00a0\u00a0\u00a0\u00a0\u00a0\u00a0\u00a0\u00a0 Rathausgasse 21 | 72181 Starzach\u00a0\u00a0\u00a0\u00a0\u00a0\u00a0\u00a0\u00a0\u00a0\u00a0\u00a0\u00a0\u00a0\u00a0\u00a0\u00a0\u00a0\u00a0\u00a0\u00a0\u00a0\u00a0\u00a0\u00a0\u00a0\u00a0\u00a0\u00a0\u00a0\u00a0\u00a0\u00a0\u00a0\u00a0\u00a0\u00a0\u00a0\u00a0\u00a0\u00a0\u00a0\u00a0\u00a0\u00a0\u00a0\u00a0\u00a0\u00a0\u00a0\u00a0\u00a0\u00a0\u00a0\u00a0\u00a0\u00a0\u00a0\u00a0\u00a0\u00a0\u00a0\u00a0\u00a0\u00a0\u00a0\u00a0\u00a0\u00a0\u00a0\u00a0\u00a0\u00a0\u00a0\u00a0\u00a0\u00a0\u00a0\u00a0\u00a0\u00a0\u00a0\u00a0\u00a0\u00a0\u00a0\u00a0\u00a0\u00a0\u00a0\u00a0\u00a0\u00a0\u00a0\u00a0\u00a0\u00a0\u00a0\u00a0\u00a0\u00a0\u00a0\u00a0\u00a0\u00a0\u00a0\u00a0\u00a0\u00a0\u00a0\u00a0\u00a0\u00a0\u00a0\u00a0\u00a0\u00a0\u00a0\u00a0\u00a0\u00a0\u00a0\u00a0\u00a0\u00a0\u00a0\u00a0\u00a0\u00a0\u00a0\u00a0\u00a0\u00a0\u00a0\u00a0\u00a0\u00a0\u00a0\u00a0 Telefon 07483 \/ 928889\u00a0\u00a0\u00a0\u00a0\u00a0\u00a0\u00a0\u00a0\u00a0\u00a0\u00a0\u00a0\u00a0\u00a0\u00a0\u00a0\u00a0\u00a0\u00a0\u00a0\u00a0\u00a0\u00a0\u00a0\u00a0\u00a0\u00a0\u00a0\u00a0\u00a0\u00a0\u00a0\u00a0\u00a0\u00a0\u00a0\u00a0\u00a0\u00a0\u00a0\u00a0\u00a0\u00a0\u00a0\u00a0\u00a0\u00a0\u00a0\u00a0\u00a0\u00a0\u00a0\u00a0\u00a0\u00a0\u00a0\u00a0\u00a0\u00a0\u00a0\u00a0\u00a0\u00a0\u00a0\u00a0\u00a0\u00a0\u00a0\u00a0\u00a0\u00a0\u00a0\u00a0\u00a0\u00a0\u00a0\u00a0\u00a0\u00a0\u00a0\u00a0\u00a0\u00a0\u00a0\u00a0\u00a0\u00a0\u00a0\u00a0\u00a0\u00a0\u00a0\u00a0\u00a0\u00a0\u00a0\u00a0\u00a0\u00a0\u00a0\u00a0\u00a0\u00a0\u00a0\u00a0\u00a0\u00a0\u00a0\u00a0\u00a0\u00a0\u00a0\u00a0\u00a0\u00a0\u00a0\u00a0\u00a0\u00a0\u00a0\u00a0\u00a0\u00a0\u00a0\u00a0\u00a0\u00a0\u00a0\u00a0\u00a0\u00a0\u00a0\u00a0\u00a0\u00a0\u00a0\u00a0\u00a0\u00a0\u00a0\u00a0\u00a0\u00a0\u00a0\u00a0\u00a0\u00a0\u00a0\u00a0 <a href=\"mailto:info@goldschmiedin-kathrin-dunst.de\">info@goldschmiedin-kathrin-dunst.de\u00a0<\/a>\u00a0\u00a0\u00a0\u00a0\u00a0\u00a0\u00a0\u00a0\u00a0\u00a0\u00a0\u00a0\u00a0\u00a0\u00a0\u00a0\u00a0\u00a0\u00a0\u00a0\u00a0\u00a0\u00a0\u00a0\u00a0\u00a0\u00a0\u00a0\u00a0\u00a0\u00a0\u00a0\u00a0\u00a0\u00a0\u00a0\u00a0\u00a0\u00a0\u00a0\u00a0\u00a0\u00a0\u00a0\u00a0\u00a0\u00a0\u00a0\u00a0\u00a0\u00a0\u00a0\u00a0\u00a0\u00a0\u00a0\u00a0\u00a0\u00a0\u00a0\u00a0\u00a0\u00a0\u00a0\u00a0\u00a0\u00a0\u00a0\u00a0\u00a0\u00a0\u00a0\u00a0\u00a0\u00a0\u00a0\u00a0\u00a0\u00a0\u00a0\u00a0\u00a0\u00a0\u00a0\u00a0\u00a0\u00a0\u00a0\u00a0\u00a0\u00a0\u00a0\u00a0\u00a0\u00a0\u00a0\u00a0\u00a0\u00a0\u00a0\u00a0\u00a0\u00a0\u00a0\u00a0\u00a0\u00a0\u00a0\u00a0\u00a0 <a href=\"http:\/\/www.goldschmiedin-kathrin-dunst.de\" target=\"_blank\">www.goldschmiedin-kathrin-dunst.de<\/a><\/p>\n<p>&nbsp;<\/p>\n<p>&nbsp;<\/p>\n","protected":false},"excerpt":{"rendered":"<p>&nbsp; &nbsp; &nbsp; &nbsp; Zartheit \u2013 Nat\u00fcrlichkeit \u2013 Romantik \u2013 Idee \u2013 Handwerk \u2013 Kunst Meine Inspiration: Es fasziniert mich, wie verknitterte Bl\u00fctenbl\u00e4tter in einer Kapsel liegend ihre seidig glatte und filigrane Sch\u00f6nheit entfalten. Wie sie sich verspielt im Wind wiegen. Wie wundersch\u00f6ne und \u2013 jede f\u00fcr sich einzigartige \u2013 feingliedrige Kapseln zur\u00fcckbleiben. Das ist [&hellip;]<\/p>\n","protected":false},"author":1,"featured_media":0,"parent":194,"menu_order":10,"comment_status":"open","ping_status":"closed","template":"","meta":{"ngg_post_thumbnail":0,"footnotes":""},"class_list":["post-547","page","type-page","status-publish","hentry"],"_links":{"self":[{"href":"http:\/\/www.goldschmiedeinnung-stuttgart.de\/index.php?rest_route=\/wp\/v2\/pages\/547"}],"collection":[{"href":"http:\/\/www.goldschmiedeinnung-stuttgart.de\/index.php?rest_route=\/wp\/v2\/pages"}],"about":[{"href":"http:\/\/www.goldschmiedeinnung-stuttgart.de\/index.php?rest_route=\/wp\/v2\/types\/page"}],"author":[{"embeddable":true,"href":"http:\/\/www.goldschmiedeinnung-stuttgart.de\/index.php?rest_route=\/wp\/v2\/users\/1"}],"replies":[{"embeddable":true,"href":"http:\/\/www.goldschmiedeinnung-stuttgart.de\/index.php?rest_route=%2Fwp%2Fv2%2Fcomments&post=547"}],"version-history":[{"count":10,"href":"http:\/\/www.goldschmiedeinnung-stuttgart.de\/index.php?rest_route=\/wp\/v2\/pages\/547\/revisions"}],"predecessor-version":[{"id":817,"href":"http:\/\/www.goldschmiedeinnung-stuttgart.de\/index.php?rest_route=\/wp\/v2\/pages\/547\/revisions\/817"}],"up":[{"embeddable":true,"href":"http:\/\/www.goldschmiedeinnung-stuttgart.de\/index.php?rest_route=\/wp\/v2\/pages\/194"}],"wp:attachment":[{"href":"http:\/\/www.goldschmiedeinnung-stuttgart.de\/index.php?rest_route=%2Fwp%2Fv2%2Fmedia&parent=547"}],"curies":[{"name":"wp","href":"https:\/\/api.w.org\/{rel}","templated":true}]}}