{"id":269,"date":"2014-08-03T07:48:11","date_gmt":"2014-08-03T05:48:11","guid":{"rendered":"http:\/\/goldschmiedeinnung-stuttgart.de\/?page_id=269"},"modified":"2022-01-14T11:24:33","modified_gmt":"2022-01-14T10:24:33","slug":"juwelier-sandkuhler","status":"publish","type":"page","link":"http:\/\/www.goldschmiedeinnung-stuttgart.de\/?page_id=269","title":{"rendered":"Juwelier Sandk\u00fchler"},"content":{"rendered":"<p style=\"margin-bottom: 18.0pt; line-height: 18.0pt; background: white;\"><span style=\"font-family: Lato;\">Juwelier Sandk\u00fchler ist das\u00a0 Fachgesch\u00e4ft f\u00fcr Feinen Schmuck aus zweiter Hand in der Region Heilbronn, Ludwigsburg, Stuttgart<b>, <\/b>Esslingen und N\u00fcrnberg. \u00a0<\/span><\/p>\n<p><img loading=\"lazy\" decoding=\"async\" class=\"aligncenter wp-image-1621 size-full\" title=\"Laden\" src=\"http:\/\/www.goldschmiedeinnung-stuttgart.de\/wp-content\/uploads\/2022\/01\/S_klein2-1-scaled.jpg\" alt=\"\" width=\"2560\" height=\"1280\" srcset=\"http:\/\/www.goldschmiedeinnung-stuttgart.de\/wp-content\/uploads\/2022\/01\/S_klein2-1-scaled.jpg 2560w, http:\/\/www.goldschmiedeinnung-stuttgart.de\/wp-content\/uploads\/2022\/01\/S_klein2-1-250x125.jpg 250w, http:\/\/www.goldschmiedeinnung-stuttgart.de\/wp-content\/uploads\/2022\/01\/S_klein2-1-1024x512.jpg 1024w, http:\/\/www.goldschmiedeinnung-stuttgart.de\/wp-content\/uploads\/2022\/01\/S_klein2-1-768x384.jpg 768w, http:\/\/www.goldschmiedeinnung-stuttgart.de\/wp-content\/uploads\/2022\/01\/S_klein2-1-1536x768.jpg 1536w, http:\/\/www.goldschmiedeinnung-stuttgart.de\/wp-content\/uploads\/2022\/01\/S_klein2-1-2048x1024.jpg 2048w, http:\/\/www.goldschmiedeinnung-stuttgart.de\/wp-content\/uploads\/2022\/01\/S_klein2-1-750x375.jpg 750w\" sizes=\"(max-width: 2560px) 100vw, 2560px\" \/><\/p>\n<p style=\"margin-bottom: 18.0pt; line-height: 18.0pt; background: white;\"><span style=\"font-family: Lato; color: #4a474b;\">Die Schmuckst\u00fccke und hochwertigen Markenuhren sind von Neuware nur durch den g\u00fcnstigen Preis zu unterscheiden \u2013 alle St\u00fccke werden in der hauseigenen Goldschmiede aufgearbeitet und sehen danach aus wie neu.<\/span><\/p>\n<p style=\"margin-bottom: 18.0pt; line-height: 18.0pt; background: white; box-sizing: border-box; font-variant-ligatures: normal; font-variant-caps: normal; orphans: 2; text-align: start; widows: 2; -webkit-text-stroke-width: 0px; text-decoration-thickness: initial; background-position: initial initial; background-repeat: initial initial; word-spacing: 0px;\"><span style=\"font-family: Lato; color: #4a474b;\">Die Kunden sind begeistert, denn sie finden nicht nur St\u00fccke aus den 50er, 60er und 70er Jahren \u2013 sog. \u201cVintage-Schmuck\u201c \u2013 sondern auch moderne Schmuckst\u00fccke.<\/span><\/p>\n<p><a href=\"http:\/\/www.goldschmiedeinnung-stuttgart.de\/wp-content\/uploads\/2012\/09\/werkstatt.jpg\"><img loading=\"lazy\" decoding=\"async\" class=\"alignright size-medium wp-image-271\" style=\"border: 0pt none;\" title=\"werkstatt\" src=\"http:\/\/www.goldschmiedeinnung-stuttgart.de\/wp-content\/uploads\/2012\/09\/werkstatt-300x225.jpg\" alt=\"\" width=\"300\" height=\"225\" srcset=\"http:\/\/www.goldschmiedeinnung-stuttgart.de\/wp-content\/uploads\/2012\/09\/werkstatt-300x225.jpg 300w, http:\/\/www.goldschmiedeinnung-stuttgart.de\/wp-content\/uploads\/2012\/09\/werkstatt.jpg 816w\" sizes=\"(max-width: 300px) 100vw, 300px\" \/><\/a><\/p>\n<p style=\"margin-bottom: 18.0pt; line-height: 18.0pt; background: white;\"><span style=\"font-family: Lato; color: #4a474b;\">Die hauseigene Werkstatt ist voll besch\u00e4ftigt, um die reichhaltige Auswahl in den Auslagen aufrecht zu erhalten, da viele Kunden aufgrund des Preisvorteils gezielt Feinen Schmuck aus zweiter Hand kaufen und sich an massivem Goldschmuck, feinem Brillantschmuck und hochwertigen Schweizer Markenuhren erfreuen. Dass Originalpapiere und Originalboxen der Markenuhren vorhanden sind, versteht sich bei Juwelier Sandk\u00fchler von selbst. Bereits beim Ankauf und der Beleihung wird darauf geachtet, dass alle St\u00fccke stets komplett eingeliefert werden.<\/span><\/p>\n<p style=\"margin-bottom: 18.0pt; line-height: 18.0pt; background: white;\"><span style=\"font-family: Lato; color: #4a474b;\">Das Stammhaus von Juwelier Sandk\u00fchler in Stuttgart besteht seit mehr als 27 Jahren \u2013 seither steht der Name Sandk\u00fchler f\u00fcr Qualit\u00e4t aus zweiter Hand und Seriosit\u00e4t bei Ankauf und Pfand. T\u00e4glich erstellt das Team kostenlose Kaufangebote f\u00fcr Alt- und Zahngold, Bruchgold, Goldm\u00fcnzen und \u2013barren; dar\u00fcber hinaus werden hochwertige Schmuckst\u00fccke mit Brillanten und Farbsteinen taxiert.<\/span><\/p>\n<p style=\"margin-bottom: 18.0pt; line-height: 18.0pt; background: white; box-sizing: border-box; font-variant-ligatures: normal; font-variant-caps: normal; orphans: 2; text-align: start; widows: 2; -webkit-text-stroke-width: 0px; text-decoration-thickness: initial; word-spacing: 0px;\"><span style=\"font-family: Lato; color: #4a474b;\">Die Auszahlung erfolgt \u2013 sofern der Kunde nichts anderes <\/span><span style=\"font-family: Lato;\">w\u00fcnscht<b>, <\/b><span style=\"color: #4a474b;\">\u00adgrunds\u00e4tzlich in bar.<\/span><\/span><\/p>\n<p style=\"margin-bottom: 18.0pt; line-height: 18.0pt; background: white; box-sizing: border-box; font-variant-ligatures: normal; font-variant-caps: normal; orphans: 2; text-align: start; widows: 2; -webkit-text-stroke-width: 0px; text-decoration-thickness: initial; background-position: initial initial; background-repeat: initial initial; word-spacing: 0px;\"><span style=\"font-family: Lato; color: #4a474b;\">Wer nur einen kurzfristigen Engpass \u00fcberbr\u00fccken m\u00f6chte, kann seinen Schmuck oder seine hochwertige Armbanduhr als Pfand bei Juwelier Sandk\u00fchler in Stuttgart abgeben. Die Abwicklung ist stets seri\u00f6s, diskret und unkompliziert \u2013 so erfolgt die Auszahlung des Darlehens sofort in bar<\/span><\/p>\n<p style=\"margin-bottom: 18.0pt; line-height: 18.0pt; background: white; box-sizing: border-box; font-variant-ligatures: normal; font-variant-caps: normal; orphans: 2; text-align: start; widows: 2; -webkit-text-stroke-width: 0px; text-decoration-thickness: initial; word-spacing: 0px;\"><span style=\"font-family: Lato;\">Juwelier Sandk\u00fchler bietet nicht nur in der Stuttgarter Gloria-Passage den kompletten Service des Verkaufs, Ankauf, Pfandleihe und Reparaturen an, sondern auch in Ludwigsburg, Esslingen, Heilbronn und N\u00fcrnberg.<\/span><\/p>\n<p style=\"margin-bottom: 18.0pt; line-height: 18.0pt; background: white; box-sizing: border-box; font-variant-ligatures: normal; font-variant-caps: normal; orphans: 2; text-align: start; widows: 2; -webkit-text-stroke-width: 0px; text-decoration-thickness: initial; background-position: initial initial; background-repeat: initial initial; word-spacing: 0px;\"><span style=\"font-family: Lato; color: #4a474b;\">Der Kunde kann sich im Online-Shop \u00fcber Schmuck und Uhren aus zweiter Hand informieren und direkt einkaufen.<\/span><\/p>\n<p>Unter <a href=\"http:\/\/www.juwelier-sandkuehler.de\/\" target=\"_blank\" rel=\"noopener\">www.juwelier-sandkuehler.de<\/a> f\u00fchrt das Unternehmen einen sehr gro\u00dfen Auszug aus dem Sortiment seiner Standorte. Auf Wunsch des Kunden kann jedes St\u00fcck aus allen Standorten nach Stuttgart gebracht und in Augenschein genommen werden.<\/p>\n<p><img loading=\"lazy\" decoding=\"async\" class=\"aligncenter wp-image-1622 size-full\" title=\"Dokument 1\" src=\"http:\/\/www.goldschmiedeinnung-stuttgart.de\/wp-content\/uploads\/2022\/01\/JSK-Logo_SHOP_LogoClaim_einzeilig-01-1-scaled.jpg\" alt=\"\" width=\"2560\" height=\"425\" srcset=\"http:\/\/www.goldschmiedeinnung-stuttgart.de\/wp-content\/uploads\/2022\/01\/JSK-Logo_SHOP_LogoClaim_einzeilig-01-1-scaled.jpg 2560w, http:\/\/www.goldschmiedeinnung-stuttgart.de\/wp-content\/uploads\/2022\/01\/JSK-Logo_SHOP_LogoClaim_einzeilig-01-1-250x42.jpg 250w, http:\/\/www.goldschmiedeinnung-stuttgart.de\/wp-content\/uploads\/2022\/01\/JSK-Logo_SHOP_LogoClaim_einzeilig-01-1-1024x170.jpg 1024w, http:\/\/www.goldschmiedeinnung-stuttgart.de\/wp-content\/uploads\/2022\/01\/JSK-Logo_SHOP_LogoClaim_einzeilig-01-1-768x127.jpg 768w, http:\/\/www.goldschmiedeinnung-stuttgart.de\/wp-content\/uploads\/2022\/01\/JSK-Logo_SHOP_LogoClaim_einzeilig-01-1-1536x255.jpg 1536w, http:\/\/www.goldschmiedeinnung-stuttgart.de\/wp-content\/uploads\/2022\/01\/JSK-Logo_SHOP_LogoClaim_einzeilig-01-1-2048x340.jpg 2048w, http:\/\/www.goldschmiedeinnung-stuttgart.de\/wp-content\/uploads\/2022\/01\/JSK-Logo_SHOP_LogoClaim_einzeilig-01-1-750x125.jpg 750w\" sizes=\"(max-width: 2560px) 100vw, 2560px\" \/><\/p>\n<p><span style=\"text-decoration: underline;\">Unsere Standorte:<\/span><\/p>\n<p>K\u00f6nigstra\u00dfe 20 (Gloria &#8211; Passage),\u00a070173 Stuttgart<\/p>\n<p>Kaiserstra\u00dfe 23\/1,\u00a074072 Heilbronn<\/p>\n<p>Kirchstr. 6, 71634 Ludwigsburg<\/p>\n<p>Rittersta\u00dfe 2,\u00a073728 Esslingen<\/p>\n<p>K\u00f6nigstra\u00dfe 8,\u00a090402 N\u00fcrnberg<\/p>\n","protected":false},"excerpt":{"rendered":"<p>Juwelier Sandk\u00fchler ist das\u00a0 Fachgesch\u00e4ft f\u00fcr Feinen Schmuck aus zweiter Hand in der Region Heilbronn, Ludwigsburg, Stuttgart, Esslingen und N\u00fcrnberg. \u00a0 Die Schmuckst\u00fccke und hochwertigen Markenuhren sind von Neuware nur durch den g\u00fcnstigen Preis zu unterscheiden \u2013 alle St\u00fccke werden in der hauseigenen Goldschmiede aufgearbeitet und sehen danach aus wie neu. Die Kunden sind begeistert, [&hellip;]<\/p>\n","protected":false},"author":1,"featured_media":0,"parent":194,"menu_order":30,"comment_status":"open","ping_status":"closed","template":"","meta":{"ngg_post_thumbnail":0,"footnotes":""},"class_list":["post-269","page","type-page","status-publish","hentry"],"_links":{"self":[{"href":"http:\/\/www.goldschmiedeinnung-stuttgart.de\/index.php?rest_route=\/wp\/v2\/pages\/269"}],"collection":[{"href":"http:\/\/www.goldschmiedeinnung-stuttgart.de\/index.php?rest_route=\/wp\/v2\/pages"}],"about":[{"href":"http:\/\/www.goldschmiedeinnung-stuttgart.de\/index.php?rest_route=\/wp\/v2\/types\/page"}],"author":[{"embeddable":true,"href":"http:\/\/www.goldschmiedeinnung-stuttgart.de\/index.php?rest_route=\/wp\/v2\/users\/1"}],"replies":[{"embeddable":true,"href":"http:\/\/www.goldschmiedeinnung-stuttgart.de\/index.php?rest_route=%2Fwp%2Fv2%2Fcomments&post=269"}],"version-history":[{"count":12,"href":"http:\/\/www.goldschmiedeinnung-stuttgart.de\/index.php?rest_route=\/wp\/v2\/pages\/269\/revisions"}],"predecessor-version":[{"id":1624,"href":"http:\/\/www.goldschmiedeinnung-stuttgart.de\/index.php?rest_route=\/wp\/v2\/pages\/269\/revisions\/1624"}],"up":[{"embeddable":true,"href":"http:\/\/www.goldschmiedeinnung-stuttgart.de\/index.php?rest_route=\/wp\/v2\/pages\/194"}],"wp:attachment":[{"href":"http:\/\/www.goldschmiedeinnung-stuttgart.de\/index.php?rest_route=%2Fwp%2Fv2%2Fmedia&parent=269"}],"curies":[{"name":"wp","href":"https:\/\/api.w.org\/{rel}","templated":true}]}}