{"id":25,"date":"2012-02-01T09:23:29","date_gmt":"2012-02-01T09:23:29","guid":{"rendered":"http:\/\/wp.goldschmiedeinnung-stuttgart.de\/?page_id=25"},"modified":"2024-12-05T11:59:02","modified_gmt":"2024-12-05T10:59:02","slug":"die-innung","status":"publish","type":"page","link":"http:\/\/www.goldschmiedeinnung-stuttgart.de\/?page_id=25","title":{"rendered":"Die Innung"},"content":{"rendered":"<p><strong>Warum sollten selbst\u00e4ndige Goldschmiede der Gold- und Silberschmiede-Innung S-HN-RT beitreten?<\/strong><\/p>\n<p>Ihre Vorteile als Innungsmitglied:<\/p>\n<p><strong>Wir sind Mitglied im Zentralverband der Goldschmiede und Silberschmiede e.V., daher profitieren Sie auch von den Angeboten des Zentralverbands:<\/strong><\/p>\n<p>Ausbilderf\u00f6rderungsprogramm\/Ausbilderoffensive des Zentralverbands der Deutschen Goldschmiede und Silberschmiede e.V.: weitere Informationen finden Sie unter folgendem Link:<\/p>\n<p><a href=\"https:\/\/www.zentralverband-goldschmiede.de\/de\/ausbilderfoerderungsprogramm.html\">Ausbilderf\u00f6rderungsprogramm<\/a><\/p>\n<p>Au\u00dferdem erhalten Sie die Genehmigung das gesch\u00fctzte Logo des Zentralverbandes als werbewirksame Unterst\u00fctzung und Punzierungszeichen zu nutzen<\/p>\n<p>Als Mitglied stehen Sie mit Kollegen zum fachlichen Austausch in Kontakt.<\/p>\n<p>Sie erhalten Auskunft und Beratung zu betriebswirtschaftlichen und wettbewerbsrechtlichen Fragen, zu Aus- und Fortbildung und zu verkaufsf\u00f6rdernden Ma\u00dfnahmen.<\/p>\n<p><strong>Folgende Firmen und Institutionen gew\u00e4hren unseren Mitgliedern exklusive Vorteile:<\/strong><\/p>\n<ul>\n<li>Fa. Leyser: 5 % bei Zahlung innerhalb 14 Tagen<\/li>\n<li>Fa. Maisenbacher: 3 % auf die aktuelle Diamantenpreisliste<\/li>\n<li>Fa. BIOLEDEX: 7 % auf LED-Leuchtmittel<\/li>\n<li>Fa. Flume: 2 % Gutschrift am Jahresende auf 80 % der Artikel<br \/>\n(Kleinstbetr\u00e4ge und Verg\u00fctungen unter 10,00\u20ac werden nicht erstattet)<\/li>\n<li>Fa. Ruppenthal: einen Sofortrabatt in H\u00f6he von 3 % bei jedem Einkauf<\/li>\n<li>Fortbildungszentrum Ahlen: Nachlass f\u00fcr jeden Seminarbesuch (z.Zt. 1\/3 der Seminargeb\u00fchr)<\/li>\n<li>Mannheimer Versicherung: 10 % Rabatt a. d. Originalpr\u00e4mie<\/li>\n<\/ul>\n<p><strong>Den Aufnahmeantrag zur Gold- und Silberschmiede-Innung S-HN-RT finden Sie unter folgendem Link:<\/strong><\/p>\n<p><strong><a href=\"http:\/\/www.goldschmiedeinnung-stuttgart.de\/wp-content\/uploads\/2024\/03\/Aufnahmeantrag-2024.pdf\" target=\"_blank\" rel=\"noopener\">A U F N A H M E A N T R A G<\/a><\/strong><\/p>\n","protected":false},"excerpt":{"rendered":"<p>Warum sollten selbst\u00e4ndige Goldschmiede der Gold- und Silberschmiede-Innung S-HN-RT beitreten? Ihre Vorteile als Innungsmitglied: Wir sind Mitglied im Zentralverband der Goldschmiede und Silberschmiede e.V., daher profitieren Sie auch von den Angeboten des Zentralverbands: Ausbilderf\u00f6rderungsprogramm\/Ausbilderoffensive des Zentralverbands der Deutschen Goldschmiede und Silberschmiede e.V.: weitere Informationen finden Sie unter folgendem Link: Ausbilderf\u00f6rderungsprogramm Au\u00dferdem erhalten Sie die Genehmigung [&hellip;]<\/p>\n","protected":false},"author":1,"featured_media":0,"parent":0,"menu_order":10,"comment_status":"closed","ping_status":"closed","template":"","meta":{"ngg_post_thumbnail":0,"footnotes":""},"class_list":["post-25","page","type-page","status-publish","hentry"],"_links":{"self":[{"href":"http:\/\/www.goldschmiedeinnung-stuttgart.de\/index.php?rest_route=\/wp\/v2\/pages\/25"}],"collection":[{"href":"http:\/\/www.goldschmiedeinnung-stuttgart.de\/index.php?rest_route=\/wp\/v2\/pages"}],"about":[{"href":"http:\/\/www.goldschmiedeinnung-stuttgart.de\/index.php?rest_route=\/wp\/v2\/types\/page"}],"author":[{"embeddable":true,"href":"http:\/\/www.goldschmiedeinnung-stuttgart.de\/index.php?rest_route=\/wp\/v2\/users\/1"}],"replies":[{"embeddable":true,"href":"http:\/\/www.goldschmiedeinnung-stuttgart.de\/index.php?rest_route=%2Fwp%2Fv2%2Fcomments&post=25"}],"version-history":[{"count":33,"href":"http:\/\/www.goldschmiedeinnung-stuttgart.de\/index.php?rest_route=\/wp\/v2\/pages\/25\/revisions"}],"predecessor-version":[{"id":1861,"href":"http:\/\/www.goldschmiedeinnung-stuttgart.de\/index.php?rest_route=\/wp\/v2\/pages\/25\/revisions\/1861"}],"wp:attachment":[{"href":"http:\/\/www.goldschmiedeinnung-stuttgart.de\/index.php?rest_route=%2Fwp%2Fv2%2Fmedia&parent=25"}],"curies":[{"name":"wp","href":"https:\/\/api.w.org\/{rel}","templated":true}]}}