{"id":198,"date":"2014-08-02T08:51:22","date_gmt":"2014-08-02T06:51:22","guid":{"rendered":"http:\/\/goldschmiedeinnung-stuttgart.de\/?page_id=198"},"modified":"2014-08-04T11:37:26","modified_gmt":"2014-08-04T09:37:26","slug":"dina-marschall","status":"publish","type":"page","link":"http:\/\/www.goldschmiedeinnung-stuttgart.de\/?page_id=198","title":{"rendered":"Dina Marschall"},"content":{"rendered":"<p><a href=\"http:\/\/www.goldschmiedeinnung-stuttgart.de\/wp-content\/uploads\/2012\/06\/Logo.jpg\"><img loading=\"lazy\" decoding=\"async\" class=\"alignleft size-full wp-image-202\" style=\"border: 0pt none;\" title=\"Logo\" src=\"http:\/\/www.goldschmiedeinnung-stuttgart.de\/wp-content\/uploads\/2012\/06\/Logo.jpg\" alt=\"\" width=\"352\" height=\"143\" \/><\/a><\/p>\n<p><a href=\"http:\/\/www.goldschmiedeinnung-stuttgart.de\/wp-content\/uploads\/2012\/06\/Citrinring-Gold.jpg\"><img loading=\"lazy\" decoding=\"async\" class=\"alignright size-medium wp-image-203\" style=\"border: 0pt none; margin-top: 2px; margin-bottom: 2px;\" title=\"Citrinring-Gold\" src=\"http:\/\/www.goldschmiedeinnung-stuttgart.de\/wp-content\/uploads\/2012\/06\/Citrinring-Gold-225x300.jpg\" alt=\"\" width=\"134\" height=\"177\" \/><\/a><\/p>\n<p>&nbsp;<\/p>\n<p>&nbsp;<\/p>\n<p>&nbsp;<\/p>\n<p>&nbsp;<\/p>\n<p>&nbsp;<\/p>\n<p>&nbsp;<\/p>\n<p>&nbsp;<\/p>\n<p><span style=\"font-size: medium;\">Unsere Goldschmiede sitzt im Herzen von Degerloch.<\/span><\/p>\n<p><span style=\"font-size: medium;\">In unserer Meisterwerkstatt kreieren wir handgefertigten individuellen Schmuck .<\/span><\/p>\n<p>&nbsp;<\/p>\n<p style=\"text-align: center;\"><a href=\"http:\/\/www.goldschmiedeinnung-stuttgart.de\/wp-content\/uploads\/2012\/06\/Silberkette.jpg\"><img loading=\"lazy\" decoding=\"async\" class=\"aligncenter size-medium wp-image-204\" style=\"border: 0pt none;\" title=\"Silberkette\" src=\"http:\/\/www.goldschmiedeinnung-stuttgart.de\/wp-content\/uploads\/2012\/06\/Silberkette-300x200.jpg\" alt=\"\" width=\"254\" height=\"171\" \/><\/a><\/p>\n<p><span style=\"font-size: medium;\">Wir fertigen auch Ihr pers\u00f6nliches Schmuckst\u00fcck nach Ihren W\u00fcnschen und Vorstellungen.<\/span><\/p>\n<p><a href=\"http:\/\/www.goldschmiedeinnung-stuttgart.de\/wp-content\/uploads\/2012\/06\/Ohrh%C3%A4nger-Peridot-Perle-Gold.jpg\"><img loading=\"lazy\" decoding=\"async\" class=\"alignleft size-medium wp-image-206\" style=\"border: 0pt none;\" title=\"Ohrh\u00e4nger-Peridot-Perle-Gold\" src=\"http:\/\/www.goldschmiedeinnung-stuttgart.de\/wp-content\/uploads\/2012\/06\/Ohrh%C3%A4nger-Peridot-Perle-Gold-200x300.jpg\" alt=\"\" width=\"120\" height=\"178\" \/><\/a><\/p>\n<p>&nbsp;<\/p>\n<p><span style=\"font-size: medium;\">Gerne verwenden wir ihren Alten Schmuck ( Gold, Steine oder Perlen)<\/span><\/p>\n<p>&nbsp;<\/p>\n<p>&nbsp;<\/p>\n<p><span style=\"font-size: medium;\">Wir arbeiten in Silber, Gold, Platin und Palladium.<\/span><\/p>\n<p style=\"text-align: center;\"><img loading=\"lazy\" decoding=\"async\" class=\"aligncenter size-medium wp-image-205\" style=\"border: 0pt none;\" title=\"Schl\u00fcsselanh\u00e4nger\" src=\"http:\/\/www.goldschmiedeinnung-stuttgart.de\/wp-content\/uploads\/2012\/06\/Schl%C3%BCsselanh%C3%A4nger-300x100.jpg\" alt=\"\" width=\"300\" height=\"100\" \/><\/p>\n<p><span style=\"font-size: medium;\">Ihr Schmuck ist defekt, passt nicht mehr oder muss Aufgearbeitet werden?<\/span><\/p>\n<p><span style=\"font-size: medium;\">Wir helfen Ihnen gerne weiter.<\/span><\/p>\n<p>&nbsp;<\/p>\n<p>&nbsp;<\/p>\n<p><span style=\"font-size: medium;\"><a href=\"http:\/\/www.goldschmiedeinnung-stuttgart.de\/wp-content\/uploads\/2012\/06\/DSC_2513.jpg\"><img loading=\"lazy\" decoding=\"async\" class=\"alignright size-medium wp-image-208\" style=\"border: 0pt none; margin: 5px 3px;\" title=\"DSC_2513\" src=\"http:\/\/www.goldschmiedeinnung-stuttgart.de\/wp-content\/uploads\/2012\/06\/DSC_2513-201x300.jpg\" alt=\"\" width=\"166\" height=\"248\" srcset=\"http:\/\/www.goldschmiedeinnung-stuttgart.de\/wp-content\/uploads\/2012\/06\/DSC_2513-201x300.jpg 201w, http:\/\/www.goldschmiedeinnung-stuttgart.de\/wp-content\/uploads\/2012\/06\/DSC_2513-687x1024.jpg 687w, http:\/\/www.goldschmiedeinnung-stuttgart.de\/wp-content\/uploads\/2012\/06\/DSC_2513.jpg 1944w\" sizes=\"(max-width: 166px) 100vw, 166px\" \/><\/a><\/span><\/p>\n<p><span style=\"font-size: medium;\">Dina Marschall<\/span><\/p>\n<p><span style=\"font-size: medium;\">\u00a0\u00a0\u00a0\u00a0\u00a0\u00a0\u00a0\u00a0 die Goldschmiede<\/span><\/p>\n<p><span style=\"font-size: medium;\">Epplestr.25<\/span><\/p>\n<p><span style=\"font-size: medium;\">70597 Stuttgart<\/span><\/p>\n<p><span style=\"font-size: medium;\">Tele: 0711 762112<\/span><\/p>\n<p><span style=\"font-size: medium;\">@: <a href=\"mailto:%20info@dinamarschall.de\" target=\"_blank\">info@dinamarschall.de<\/a><\/span><\/p>\n<p><span style=\"font-size: medium;\"><a href=\"http:\/\/www.dinamarschall.de\" target=\"_blank\">www.dinamarschall.de<\/a><\/span><\/p>\n<p>&nbsp;<\/p>\n<p>&nbsp;<\/p>\n<p>&nbsp;<\/p>\n<p>&nbsp;<\/p>\n","protected":false},"excerpt":{"rendered":"<p>&nbsp; &nbsp; &nbsp; &nbsp; &nbsp; &nbsp; &nbsp; Unsere Goldschmiede sitzt im Herzen von Degerloch. In unserer Meisterwerkstatt kreieren wir handgefertigten individuellen Schmuck . &nbsp; Wir fertigen auch Ihr pers\u00f6nliches Schmuckst\u00fcck nach Ihren W\u00fcnschen und Vorstellungen. &nbsp; Gerne verwenden wir ihren Alten Schmuck ( Gold, Steine oder Perlen) &nbsp; &nbsp; Wir arbeiten in Silber, Gold, Platin [&hellip;]<\/p>\n","protected":false},"author":1,"featured_media":0,"parent":194,"menu_order":20,"comment_status":"open","ping_status":"closed","template":"","meta":{"ngg_post_thumbnail":0,"footnotes":""},"class_list":["post-198","page","type-page","status-publish","hentry"],"_links":{"self":[{"href":"http:\/\/www.goldschmiedeinnung-stuttgart.de\/index.php?rest_route=\/wp\/v2\/pages\/198"}],"collection":[{"href":"http:\/\/www.goldschmiedeinnung-stuttgart.de\/index.php?rest_route=\/wp\/v2\/pages"}],"about":[{"href":"http:\/\/www.goldschmiedeinnung-stuttgart.de\/index.php?rest_route=\/wp\/v2\/types\/page"}],"author":[{"embeddable":true,"href":"http:\/\/www.goldschmiedeinnung-stuttgart.de\/index.php?rest_route=\/wp\/v2\/users\/1"}],"replies":[{"embeddable":true,"href":"http:\/\/www.goldschmiedeinnung-stuttgart.de\/index.php?rest_route=%2Fwp%2Fv2%2Fcomments&post=198"}],"version-history":[{"count":23,"href":"http:\/\/www.goldschmiedeinnung-stuttgart.de\/index.php?rest_route=\/wp\/v2\/pages\/198\/revisions"}],"predecessor-version":[{"id":561,"href":"http:\/\/www.goldschmiedeinnung-stuttgart.de\/index.php?rest_route=\/wp\/v2\/pages\/198\/revisions\/561"}],"up":[{"embeddable":true,"href":"http:\/\/www.goldschmiedeinnung-stuttgart.de\/index.php?rest_route=\/wp\/v2\/pages\/194"}],"wp:attachment":[{"href":"http:\/\/www.goldschmiedeinnung-stuttgart.de\/index.php?rest_route=%2Fwp%2Fv2%2Fmedia&parent=198"}],"curies":[{"name":"wp","href":"https:\/\/api.w.org\/{rel}","templated":true}]}}