{"id":14,"date":"2012-02-01T08:42:04","date_gmt":"2012-02-01T08:42:04","guid":{"rendered":"http:\/\/wp.goldschmiedeinnung-stuttgart.de\/?page_id=14"},"modified":"2021-04-09T08:13:59","modified_gmt":"2021-04-09T06:13:59","slug":"impressum","status":"publish","type":"page","link":"http:\/\/www.goldschmiedeinnung-stuttgart.de\/?page_id=14","title":{"rendered":"Impressum"},"content":{"rendered":"<p>Anbieterkennzeichnung nach \u00a7 5 TMG<br \/>\nAnbieterin und Verantwortliche f\u00fcr diese Internet-Domain im Sinne des \u00a7 5 des Telemediengesetzes (TMG) ist die<\/p>\n<p><strong>Gold- und Silberschmiede-Innung Stuttgart-Heilbronn-Reutlingen<\/strong><br \/>\nK\u00f6rperschaft des \u00f6ffentlichen Rechts<br \/>\nHeilbronner Stra\u00dfe 43<br \/>\n70191 Stuttgart<\/p>\n<p>Telefon: 0711\/ 48 97 3 \u2013 15<br \/>\nFax: 0711\/ 48 97 3 \u2013 22<\/p>\n<p>Obermeisterin Dina Marschall<br \/>\nE-Mail: <a href=\"mailto: info@kh-stuttgart.de\">info@kh-stuttgart.de<\/a><\/p>\n<p>Rechtliche Hinweise:<\/p>\n<p>Die auf dieser Webseite bereitgestellten Informationen werden durch die Gold- und Silberschmiede-Innung Stuttgart-Heilbronn-Reutlingen sorgf\u00e4ltig gepr\u00fcft und regelm\u00e4\u00dfig aktualisiert. Dennoch kann die Gold- und Silberschmiede-Innung Stuttgart-Heilbronn-Reutlingen keine Haftung oder Garantie f\u00fcr die Aktualit\u00e4t, Richtigkeit und Vollst\u00e4ndigkeit der zur Verf\u00fcgung gestellten Informationen und Software \u00fcbernehmen. Gleiches gilt auch f\u00fcr den Inhalt der Websites, auf die mittels Hyperlink verwiesen wird.<br \/>\nDie Gold- und Silberschmiede-Innung Stuttgart-Heilbronn-Reutlingen ist f\u00fcr den Inhalt der Websites, die auf Grund einer solchen Verbindung erreicht werden, nicht verantwortlich.<br \/>\nDie Vervielf\u00e4ltigung von Informationen und Daten, insbesondere die Verwendung von Bildern, Grafiken, Texten und Textteilen bedarf der vorherigen Zustimmung von der Gold- und Silberschmiede-Innung Stuttgart-Heilbronn-Reutlingen.<\/p>\n<p>Hinweis zur Verbraucherstreitschlichtung:<br \/>\nHinweis nach \u00a7 36 Verbraucherstreitbeilegungsgesetz (VSBG): Die Gold- und Silberschmiede-<br \/>\nInnung beteiligt sich nicht am Verbraucherstreitschlichtungsverfahren nach dem Verbraucherstreitbeilegungsgesetz.<\/p>\n<p>Hinweis zur Online-Streitbeilegung:<br \/>\nDie Europ\u00e4ische Kommission hat eine Internetplattform zur Online-Beilegung von Streitigkeiten eingerichtet. Die Plattform dient als Anlaufstelle zur au\u00dfergerichtlichen Beilegung von Streitigkeiten \u00fcber vertragliche Verpflichtungen aus Kauf- und Dienstleistungsvertr\u00e4gen, die online geschlossen wurden. Sie k\u00f6nnen die Plattform unter http:\/\/ec.europa.eu\/consumers\/odr erreichen.<\/p>\n","protected":false},"excerpt":{"rendered":"<p>Anbieterkennzeichnung nach \u00a7 5 TMG Anbieterin und Verantwortliche f\u00fcr diese Internet-Domain im Sinne des \u00a7 5 des Telemediengesetzes (TMG) ist die Gold- und Silberschmiede-Innung Stuttgart-Heilbronn-Reutlingen K\u00f6rperschaft des \u00f6ffentlichen Rechts Heilbronner Stra\u00dfe 43 70191 Stuttgart Telefon: 0711\/ 48 97 3 \u2013 15 Fax: 0711\/ 48 97 3 \u2013 22 Obermeisterin Dina Marschall E-Mail: info@kh-stuttgart.de Rechtliche Hinweise: [&hellip;]<\/p>\n","protected":false},"author":1,"featured_media":0,"parent":0,"menu_order":40,"comment_status":"open","ping_status":"open","template":"","meta":{"ngg_post_thumbnail":0,"footnotes":""},"class_list":["post-14","page","type-page","status-publish","hentry"],"_links":{"self":[{"href":"http:\/\/www.goldschmiedeinnung-stuttgart.de\/index.php?rest_route=\/wp\/v2\/pages\/14"}],"collection":[{"href":"http:\/\/www.goldschmiedeinnung-stuttgart.de\/index.php?rest_route=\/wp\/v2\/pages"}],"about":[{"href":"http:\/\/www.goldschmiedeinnung-stuttgart.de\/index.php?rest_route=\/wp\/v2\/types\/page"}],"author":[{"embeddable":true,"href":"http:\/\/www.goldschmiedeinnung-stuttgart.de\/index.php?rest_route=\/wp\/v2\/users\/1"}],"replies":[{"embeddable":true,"href":"http:\/\/www.goldschmiedeinnung-stuttgart.de\/index.php?rest_route=%2Fwp%2Fv2%2Fcomments&post=14"}],"version-history":[{"count":10,"href":"http:\/\/www.goldschmiedeinnung-stuttgart.de\/index.php?rest_route=\/wp\/v2\/pages\/14\/revisions"}],"predecessor-version":[{"id":1558,"href":"http:\/\/www.goldschmiedeinnung-stuttgart.de\/index.php?rest_route=\/wp\/v2\/pages\/14\/revisions\/1558"}],"wp:attachment":[{"href":"http:\/\/www.goldschmiedeinnung-stuttgart.de\/index.php?rest_route=%2Fwp%2Fv2%2Fmedia&parent=14"}],"curies":[{"name":"wp","href":"https:\/\/api.w.org\/{rel}","templated":true}]}}