{"id":1395,"date":"2019-06-25T10:46:38","date_gmt":"2019-06-25T08:46:38","guid":{"rendered":"http:\/\/www.goldschmiedeinnung-stuttgart.de\/?page_id=1395"},"modified":"2024-03-25T15:37:47","modified_gmt":"2024-03-25T14:37:47","slug":"antrag-auf-mitgliedschaft","status":"publish","type":"page","link":"http:\/\/www.goldschmiedeinnung-stuttgart.de\/?page_id=1395","title":{"rendered":"Antrag auf Mitgliedschaft"},"content":{"rendered":"\n<p>Sie m\u00f6chten Mitglied unserer Innung werden? Dann lassen Sie uns Ihren ausgef\u00fcllten Aufnahmeantrag zukommen!<\/p>\n<p><a href=\"http:\/\/www.goldschmiedeinnung-stuttgart.de\/wp-content\/uploads\/2024\/03\/Aufnahmeantrag-2024.pdf\" target=\"_blank\" rel=\"noopener\">Hier k\u00f6nnen Sie den Antrag herunterladen.<\/a><\/p>\n<p>\u00a0<\/p>\n","protected":false},"excerpt":{"rendered":"<p>Sie m\u00f6chten Mitglied unserer Innung werden? Dann lassen Sie uns Ihren ausgef\u00fcllten Aufnahmeantrag zukommen! Hier k\u00f6nnen Sie den Antrag herunterladen. \u00a0<\/p>\n","protected":false},"author":1,"featured_media":0,"parent":25,"menu_order":0,"comment_status":"closed","ping_status":"closed","template":"","meta":{"ngg_post_thumbnail":0,"footnotes":""},"class_list":["post-1395","page","type-page","status-publish","hentry"],"_links":{"self":[{"href":"http:\/\/www.goldschmiedeinnung-stuttgart.de\/index.php?rest_route=\/wp\/v2\/pages\/1395"}],"collection":[{"href":"http:\/\/www.goldschmiedeinnung-stuttgart.de\/index.php?rest_route=\/wp\/v2\/pages"}],"about":[{"href":"http:\/\/www.goldschmiedeinnung-stuttgart.de\/index.php?rest_route=\/wp\/v2\/types\/page"}],"author":[{"embeddable":true,"href":"http:\/\/www.goldschmiedeinnung-stuttgart.de\/index.php?rest_route=\/wp\/v2\/users\/1"}],"replies":[{"embeddable":true,"href":"http:\/\/www.goldschmiedeinnung-stuttgart.de\/index.php?rest_route=%2Fwp%2Fv2%2Fcomments&post=1395"}],"version-history":[{"count":7,"href":"http:\/\/www.goldschmiedeinnung-stuttgart.de\/index.php?rest_route=\/wp\/v2\/pages\/1395\/revisions"}],"predecessor-version":[{"id":1778,"href":"http:\/\/www.goldschmiedeinnung-stuttgart.de\/index.php?rest_route=\/wp\/v2\/pages\/1395\/revisions\/1778"}],"up":[{"embeddable":true,"href":"http:\/\/www.goldschmiedeinnung-stuttgart.de\/index.php?rest_route=\/wp\/v2\/pages\/25"}],"wp:attachment":[{"href":"http:\/\/www.goldschmiedeinnung-stuttgart.de\/index.php?rest_route=%2Fwp%2Fv2%2Fmedia&parent=1395"}],"curies":[{"name":"wp","href":"https:\/\/api.w.org\/{rel}","templated":true}]}}