{"id":1303,"date":"2019-03-12T12:56:09","date_gmt":"2019-03-12T11:56:09","guid":{"rendered":"http:\/\/www.goldschmiedeinnung-stuttgart.de\/?page_id=1303"},"modified":"2019-03-12T13:02:00","modified_gmt":"2019-03-12T12:02:00","slug":"gruengold-2","status":"publish","type":"page","link":"http:\/\/www.goldschmiedeinnung-stuttgart.de\/?page_id=1303","title":{"rendered":"Gr\u00fcngold"},"content":{"rendered":"\n<p>In der Meistergoldschmiede Gr\u00fcngold stellen\nwir mit gro\u00dfer Leidenschaft f\u00fcr das Goldschmiedehandwerk\nSchmuckst\u00fccke von Hand her. <\/p>\n\n\n\n<figure class=\"wp-block-image\"><img loading=\"lazy\" decoding=\"async\" width=\"1024\" height=\"683\" src=\"http:\/\/www.goldschmiedeinnung-stuttgart.de\/wp-content\/uploads\/2019\/03\/IMG_9174-1024x683.jpg\" alt=\"\" class=\"wp-image-1304\" srcset=\"http:\/\/www.goldschmiedeinnung-stuttgart.de\/wp-content\/uploads\/2019\/03\/IMG_9174-1024x683.jpg 1024w, http:\/\/www.goldschmiedeinnung-stuttgart.de\/wp-content\/uploads\/2019\/03\/IMG_9174-250x167.jpg 250w, http:\/\/www.goldschmiedeinnung-stuttgart.de\/wp-content\/uploads\/2019\/03\/IMG_9174-768x512.jpg 768w, http:\/\/www.goldschmiedeinnung-stuttgart.de\/wp-content\/uploads\/2019\/03\/IMG_9174.jpg 1600w\" sizes=\"(max-width: 1024px) 100vw, 1024px\" \/><\/figure>\n\n\n\n<p>Spezialisiert sind wir auf Einzelst\u00fccke mit Edelsteinen und auf Verlobungs- und Trauringe.<\/p>\n\n\n\n<p>Aus \u00dcberzeugung arbeiten wir von Anfang an konsequent mit fair gehandelten und \u00f6kologisch gewonnenen Rohstoffen.  Unseren Kunden bieten wir au\u00dferdem an, ihre alten Schmuckst\u00fccke einzuschmelzen oder aufzuarbeiten. <\/p>\n\n\n\n<ul class=\"wp-block-gallery columns-3 is-cropped wp-block-gallery-1 is-layout-flex wp-block-gallery-is-layout-flex\"><li class=\"blocks-gallery-item\"><figure><img loading=\"lazy\" decoding=\"async\" width=\"1024\" height=\"683\" src=\"http:\/\/www.goldschmiedeinnung-stuttgart.de\/wp-content\/uploads\/2019\/03\/MokumeKlein-1024x683.jpg\" alt=\"\" data-id=\"1310\" data-link=\"http:\/\/www.goldschmiedeinnung-stuttgart.de\/?attachment_id=1310\" class=\"wp-image-1310\" srcset=\"http:\/\/www.goldschmiedeinnung-stuttgart.de\/wp-content\/uploads\/2019\/03\/MokumeKlein-1024x683.jpg 1024w, http:\/\/www.goldschmiedeinnung-stuttgart.de\/wp-content\/uploads\/2019\/03\/MokumeKlein-250x167.jpg 250w, http:\/\/www.goldschmiedeinnung-stuttgart.de\/wp-content\/uploads\/2019\/03\/MokumeKlein-768x512.jpg 768w, http:\/\/www.goldschmiedeinnung-stuttgart.de\/wp-content\/uploads\/2019\/03\/MokumeKlein.jpg 1920w\" sizes=\"(max-width: 1024px) 100vw, 1024px\" \/><\/figure><\/li><li class=\"blocks-gallery-item\"><figure><img loading=\"lazy\" decoding=\"async\" width=\"1024\" height=\"683\" src=\"http:\/\/www.goldschmiedeinnung-stuttgart.de\/wp-content\/uploads\/2019\/03\/Beryll-Aquaring2Klein-1024x683.jpg\" alt=\"\" data-id=\"1307\" data-link=\"http:\/\/www.goldschmiedeinnung-stuttgart.de\/?attachment_id=1307\" class=\"wp-image-1307\" srcset=\"http:\/\/www.goldschmiedeinnung-stuttgart.de\/wp-content\/uploads\/2019\/03\/Beryll-Aquaring2Klein-1024x683.jpg 1024w, http:\/\/www.goldschmiedeinnung-stuttgart.de\/wp-content\/uploads\/2019\/03\/Beryll-Aquaring2Klein-250x167.jpg 250w, http:\/\/www.goldschmiedeinnung-stuttgart.de\/wp-content\/uploads\/2019\/03\/Beryll-Aquaring2Klein-768x512.jpg 768w, http:\/\/www.goldschmiedeinnung-stuttgart.de\/wp-content\/uploads\/2019\/03\/Beryll-Aquaring2Klein.jpg 1920w\" sizes=\"(max-width: 1024px) 100vw, 1024px\" \/><\/figure><\/li><li class=\"blocks-gallery-item\"><figure><img loading=\"lazy\" decoding=\"async\" width=\"1024\" height=\"683\" src=\"http:\/\/www.goldschmiedeinnung-stuttgart.de\/wp-content\/uploads\/2019\/03\/IMG_0699Klein-1024x683.jpg\" alt=\"\" data-id=\"1308\" data-link=\"http:\/\/www.goldschmiedeinnung-stuttgart.de\/?attachment_id=1308\" class=\"wp-image-1308\" srcset=\"http:\/\/www.goldschmiedeinnung-stuttgart.de\/wp-content\/uploads\/2019\/03\/IMG_0699Klein-1024x683.jpg 1024w, http:\/\/www.goldschmiedeinnung-stuttgart.de\/wp-content\/uploads\/2019\/03\/IMG_0699Klein-250x167.jpg 250w, http:\/\/www.goldschmiedeinnung-stuttgart.de\/wp-content\/uploads\/2019\/03\/IMG_0699Klein-768x512.jpg 768w, http:\/\/www.goldschmiedeinnung-stuttgart.de\/wp-content\/uploads\/2019\/03\/IMG_0699Klein.jpg 1920w\" sizes=\"(max-width: 1024px) 100vw, 1024px\" \/><\/figure><\/li><li class=\"blocks-gallery-item\"><figure><img loading=\"lazy\" decoding=\"async\" width=\"1024\" height=\"683\" src=\"http:\/\/www.goldschmiedeinnung-stuttgart.de\/wp-content\/uploads\/2019\/03\/TrKlein-1024x683.jpg\" alt=\"\" data-id=\"1311\" data-link=\"http:\/\/www.goldschmiedeinnung-stuttgart.de\/?attachment_id=1311\" class=\"wp-image-1311\" srcset=\"http:\/\/www.goldschmiedeinnung-stuttgart.de\/wp-content\/uploads\/2019\/03\/TrKlein-1024x683.jpg 1024w, http:\/\/www.goldschmiedeinnung-stuttgart.de\/wp-content\/uploads\/2019\/03\/TrKlein-250x167.jpg 250w, http:\/\/www.goldschmiedeinnung-stuttgart.de\/wp-content\/uploads\/2019\/03\/TrKlein-768x512.jpg 768w, http:\/\/www.goldschmiedeinnung-stuttgart.de\/wp-content\/uploads\/2019\/03\/TrKlein.jpg 1920w\" sizes=\"(max-width: 1024px) 100vw, 1024px\" \/><\/figure><\/li><li class=\"blocks-gallery-item\"><figure><img loading=\"lazy\" decoding=\"async\" width=\"1024\" height=\"683\" src=\"http:\/\/www.goldschmiedeinnung-stuttgart.de\/wp-content\/uploads\/2019\/03\/IMG_5456Klein-1-1024x683.jpg\" alt=\"\" data-id=\"1309\" data-link=\"http:\/\/www.goldschmiedeinnung-stuttgart.de\/?attachment_id=1309\" class=\"wp-image-1309\" srcset=\"http:\/\/www.goldschmiedeinnung-stuttgart.de\/wp-content\/uploads\/2019\/03\/IMG_5456Klein-1-1024x683.jpg 1024w, http:\/\/www.goldschmiedeinnung-stuttgart.de\/wp-content\/uploads\/2019\/03\/IMG_5456Klein-1-250x167.jpg 250w, http:\/\/www.goldschmiedeinnung-stuttgart.de\/wp-content\/uploads\/2019\/03\/IMG_5456Klein-1-768x512.jpg 768w, http:\/\/www.goldschmiedeinnung-stuttgart.de\/wp-content\/uploads\/2019\/03\/IMG_5456Klein-1.jpg 1920w\" sizes=\"(max-width: 1024px) 100vw, 1024px\" \/><\/figure><\/li><\/ul>\n\n\n\n<p> Seit 2013 gibt es unsere Werkstatt mitten in der T\u00fcbinger Altstadt.<br> <br>Als Besonderheit, neben den ausgesuchten Rohstoffen, sehenwir das Design unserer Schmuckst\u00fccke, die hochwertige Verarbeitung und unseren dazugeh\u00f6rigen Service.<br>Unsere Art zu arbeiten erfordert, dass wir uns st\u00e4ndig mit unserem sch\u00f6nen Handwerk besch\u00e4ftigen, alte und moderne Techniken ausprobieren und kreative L\u00f6sungen f\u00fcr die Herstellung unserer Unikate finden.<\/p>\n\n\n\n<p>Der Goldschmiedeberuf bedeutet f\u00fcr uns die optimale Kombination aus Kunst und Handwerk. Wir sch\u00e4tzen es sehr, Entw\u00fcrfe f\u00fcr individuelle Sonder-anfertigungen mit unseren Kunden zu erarbeiten.<\/p>\n\n\n\n<div class=\"wp-block-image\"><figure class=\"aligncenter is-resized\"><img loading=\"lazy\" decoding=\"async\" src=\"http:\/\/www.goldschmiedeinnung-stuttgart.de\/wp-content\/uploads\/2019\/03\/gruengold-logo_vektor.jpg\" alt=\"\" class=\"wp-image-1306\" width=\"181\" height=\"207\" srcset=\"http:\/\/www.goldschmiedeinnung-stuttgart.de\/wp-content\/uploads\/2019\/03\/gruengold-logo_vektor.jpg 395w, http:\/\/www.goldschmiedeinnung-stuttgart.de\/wp-content\/uploads\/2019\/03\/gruengold-logo_vektor-219x250.jpg 219w\" sizes=\"(max-width: 181px) 100vw, 181px\" \/><\/figure><\/div>\n\n\n\n<p style=\"text-align:center\">Marktgasse 5   &#8211;   72070 T\u00fcbingen<\/p>\n\n\n\n<p style=\"text-align:center\">Telefon: 07071\/5667109   &#8211;   post@gruengold.net   &#8211;   www.gruengold.net<\/p>\n","protected":false},"excerpt":{"rendered":"<p>In der Meistergoldschmiede Gr\u00fcngold stellen wir mit gro\u00dfer Leidenschaft f\u00fcr das Goldschmiedehandwerk Schmuckst\u00fccke von Hand her. Spezialisiert sind wir auf Einzelst\u00fccke mit Edelsteinen und auf Verlobungs- und Trauringe. Aus \u00dcberzeugung arbeiten wir von Anfang an konsequent mit fair gehandelten und \u00f6kologisch gewonnenen Rohstoffen. Unseren Kunden bieten wir au\u00dferdem an, ihre alten Schmuckst\u00fccke einzuschmelzen oder aufzuarbeiten. [&hellip;]<\/p>\n","protected":false},"author":1,"featured_media":0,"parent":194,"menu_order":14,"comment_status":"closed","ping_status":"closed","template":"","meta":{"ngg_post_thumbnail":0,"footnotes":""},"class_list":["post-1303","page","type-page","status-publish","hentry"],"_links":{"self":[{"href":"http:\/\/www.goldschmiedeinnung-stuttgart.de\/index.php?rest_route=\/wp\/v2\/pages\/1303"}],"collection":[{"href":"http:\/\/www.goldschmiedeinnung-stuttgart.de\/index.php?rest_route=\/wp\/v2\/pages"}],"about":[{"href":"http:\/\/www.goldschmiedeinnung-stuttgart.de\/index.php?rest_route=\/wp\/v2\/types\/page"}],"author":[{"embeddable":true,"href":"http:\/\/www.goldschmiedeinnung-stuttgart.de\/index.php?rest_route=\/wp\/v2\/users\/1"}],"replies":[{"embeddable":true,"href":"http:\/\/www.goldschmiedeinnung-stuttgart.de\/index.php?rest_route=%2Fwp%2Fv2%2Fcomments&post=1303"}],"version-history":[{"count":3,"href":"http:\/\/www.goldschmiedeinnung-stuttgart.de\/index.php?rest_route=\/wp\/v2\/pages\/1303\/revisions"}],"predecessor-version":[{"id":1315,"href":"http:\/\/www.goldschmiedeinnung-stuttgart.de\/index.php?rest_route=\/wp\/v2\/pages\/1303\/revisions\/1315"}],"up":[{"embeddable":true,"href":"http:\/\/www.goldschmiedeinnung-stuttgart.de\/index.php?rest_route=\/wp\/v2\/pages\/194"}],"wp:attachment":[{"href":"http:\/\/www.goldschmiedeinnung-stuttgart.de\/index.php?rest_route=%2Fwp%2Fv2%2Fmedia&parent=1303"}],"curies":[{"name":"wp","href":"https:\/\/api.w.org\/{rel}","templated":true}]}}