{"id":112,"date":"2012-02-03T06:27:50","date_gmt":"2012-02-03T06:27:50","guid":{"rendered":"http:\/\/wp.goldschmiedeinnung-stuttgart.de\/?page_id=112"},"modified":"2012-08-29T10:13:24","modified_gmt":"2012-08-29T08:13:24","slug":"der-goldschmied","status":"publish","type":"page","link":"http:\/\/www.goldschmiedeinnung-stuttgart.de\/?page_id=112","title":{"rendered":"Der Goldschmied"},"content":{"rendered":"<p>Das T\u00e4tigkeitsfeld des Goldschmieds<\/p>\n<ul>\n<li>Fertigung von Unikatschmuck<\/li>\n<li>Verwirklichung individueller W\u00fcnsche<\/li>\n<li>Reparaturen, Reinigung und Pflege der Schmuckst\u00fccke<\/li>\n<li>Umarbeitungen des Schmucks nach Kundenvorstellungen<\/li>\n<li>Gravuren<\/li>\n<li>Altgoldankauf<\/li>\n<li>uvm.<\/li>\n<\/ul>\n<p>Jedoch steht stets der Kunde mit seinen Vorstellungen und W\u00fcnschen im Vordergrund.<\/p>\n<p>Mit dem handwerklichen K\u00f6nnen, der fachgerechten Beratung und der gekonnten Ausf\u00fchrung des Goldschmieds ist gew\u00e4hrleistet, dass Sie an Ihren St\u00fccken viel Freude haben.<\/p>\n","protected":false},"excerpt":{"rendered":"<p>Das T\u00e4tigkeitsfeld des Goldschmieds Fertigung von Unikatschmuck Verwirklichung individueller W\u00fcnsche Reparaturen, Reinigung und Pflege der Schmuckst\u00fccke Umarbeitungen des Schmucks nach Kundenvorstellungen Gravuren Altgoldankauf uvm. Jedoch steht stets der Kunde mit seinen Vorstellungen und W\u00fcnschen im Vordergrund. Mit dem handwerklichen K\u00f6nnen, der fachgerechten Beratung und der gekonnten Ausf\u00fchrung des Goldschmieds ist gew\u00e4hrleistet, dass Sie an Ihren [&hellip;]<\/p>\n","protected":false},"author":1,"featured_media":0,"parent":0,"menu_order":0,"comment_status":"open","ping_status":"open","template":"","meta":{"ngg_post_thumbnail":0,"footnotes":""},"class_list":["post-112","page","type-page","status-publish","hentry"],"_links":{"self":[{"href":"http:\/\/www.goldschmiedeinnung-stuttgart.de\/index.php?rest_route=\/wp\/v2\/pages\/112"}],"collection":[{"href":"http:\/\/www.goldschmiedeinnung-stuttgart.de\/index.php?rest_route=\/wp\/v2\/pages"}],"about":[{"href":"http:\/\/www.goldschmiedeinnung-stuttgart.de\/index.php?rest_route=\/wp\/v2\/types\/page"}],"author":[{"embeddable":true,"href":"http:\/\/www.goldschmiedeinnung-stuttgart.de\/index.php?rest_route=\/wp\/v2\/users\/1"}],"replies":[{"embeddable":true,"href":"http:\/\/www.goldschmiedeinnung-stuttgart.de\/index.php?rest_route=%2Fwp%2Fv2%2Fcomments&post=112"}],"version-history":[{"count":6,"href":"http:\/\/www.goldschmiedeinnung-stuttgart.de\/index.php?rest_route=\/wp\/v2\/pages\/112\/revisions"}],"predecessor-version":[{"id":117,"href":"http:\/\/www.goldschmiedeinnung-stuttgart.de\/index.php?rest_route=\/wp\/v2\/pages\/112\/revisions\/117"}],"wp:attachment":[{"href":"http:\/\/www.goldschmiedeinnung-stuttgart.de\/index.php?rest_route=%2Fwp%2Fv2%2Fmedia&parent=112"}],"curies":[{"name":"wp","href":"https:\/\/api.w.org\/{rel}","templated":true}]}}