{"id":100,"date":"2012-02-02T13:19:39","date_gmt":"2012-02-02T13:19:39","guid":{"rendered":"http:\/\/wp.goldschmiedeinnung-stuttgart.de\/?page_id=100"},"modified":"2022-08-12T06:19:37","modified_gmt":"2022-08-12T04:19:37","slug":"ausbildung","status":"publish","type":"page","link":"http:\/\/www.goldschmiedeinnung-stuttgart.de\/?page_id=100","title":{"rendered":"Ausbildung"},"content":{"rendered":"<p>Bei der Ausbildung zum\/zur Goldschmied\/-in handelt es sich um einen anerkannten Ausbildungsberuf nach der Handwerksordnung bzw. dem Berufsbildungsgesetz. Die i.d.R. dreieinhalbj\u00e4hrige Ausbildung erfolgt im wesentlichen im Ausbildungsbetrieb und in der Berufsschule. Eine Verk\u00fcrzung der Ausbildungsdauer ist m\u00f6glich.<\/p>\n<p>Die Ausbildung ist in den Fachrichtungen Schmuck, Juwelen und Ketten m\u00f6glich.<\/p>\n<p>Ausbildungsinhalte sind u.a. das Stempeln von Edelmetallen, das Bearbeiten und Schmieden von Werkst\u00fccken, das Legieren, Schmelzen und Gl\u00fchen von Metallen, die Herstellung von Scharnier- und Oesenverbindungen sowie Verschl\u00fcssen und Oberfl\u00e4chenbehandlung. Auszubildende der Fachrichtung Schmuck u.a. lernen zudem etwas \u00fcber das Gestalten und Schmieden von Schmuck und die Fassung von Steinen w\u00e4hrend Auszubildende der Fachrichtung Juwelen etwas \u00fcber die verschiedenen Juwelentechniken, die Vorbereitung und Durchf\u00fchrung des Juwelenschmuckgusses sowie die Planung und Anfertigung von klassischem und zeitgem\u00e4\u00dfem Juwelenschmuck lernen.<\/p>\n<p>In der Fachrichtung Ketten wird den Auszubildenden im letzten Ausbildungsabschnitt beigebracht, wie man Dr\u00e4hte und Bleche f\u00fcr massive und hohle Kettenglieder vorbereitet und wie man Kettenglieder durch Einh\u00e4ngen, F\u00fcgen und L\u00f6ten zu Ketten und B\u00e4ndern verbindet.<\/p>\n<p>Am Ende der Ausbildung findet eine Abschlusspr\u00fcfung statt.<\/p>\n<p>Momentan gelten folgende Empfehlungen f\u00fcr die Ausbildungsverg\u00fctung:<\/p>\n<p>1. Ausbildungsjahr &#8211; \u20ac 585,&#8211;<br \/>\n2. Ausbildungsjahr &#8211; \u20ac 690,30<br \/>\n3. Ausbildungsjahr &#8211; \u20ac 789,75<br \/>\n4. Ausbildungsjahr &#8211; \u20ac 819,&#8211;<\/p>\n","protected":false},"excerpt":{"rendered":"<p>Bei der Ausbildung zum\/zur Goldschmied\/-in handelt es sich um einen anerkannten Ausbildungsberuf nach der Handwerksordnung bzw. dem Berufsbildungsgesetz. Die i.d.R. dreieinhalbj\u00e4hrige Ausbildung erfolgt im wesentlichen im Ausbildungsbetrieb und in der Berufsschule. Eine Verk\u00fcrzung der Ausbildungsdauer ist m\u00f6glich. Die Ausbildung ist in den Fachrichtungen Schmuck, Juwelen und Ketten m\u00f6glich. Ausbildungsinhalte sind u.a. das Stempeln von Edelmetallen, [&hellip;]<\/p>\n","protected":false},"author":1,"featured_media":0,"parent":112,"menu_order":0,"comment_status":"open","ping_status":"open","template":"","meta":{"ngg_post_thumbnail":0,"footnotes":""},"class_list":["post-100","page","type-page","status-publish","hentry"],"_links":{"self":[{"href":"http:\/\/www.goldschmiedeinnung-stuttgart.de\/index.php?rest_route=\/wp\/v2\/pages\/100"}],"collection":[{"href":"http:\/\/www.goldschmiedeinnung-stuttgart.de\/index.php?rest_route=\/wp\/v2\/pages"}],"about":[{"href":"http:\/\/www.goldschmiedeinnung-stuttgart.de\/index.php?rest_route=\/wp\/v2\/types\/page"}],"author":[{"embeddable":true,"href":"http:\/\/www.goldschmiedeinnung-stuttgart.de\/index.php?rest_route=\/wp\/v2\/users\/1"}],"replies":[{"embeddable":true,"href":"http:\/\/www.goldschmiedeinnung-stuttgart.de\/index.php?rest_route=%2Fwp%2Fv2%2Fcomments&post=100"}],"version-history":[{"count":8,"href":"http:\/\/www.goldschmiedeinnung-stuttgart.de\/index.php?rest_route=\/wp\/v2\/pages\/100\/revisions"}],"predecessor-version":[{"id":1637,"href":"http:\/\/www.goldschmiedeinnung-stuttgart.de\/index.php?rest_route=\/wp\/v2\/pages\/100\/revisions\/1637"}],"up":[{"embeddable":true,"href":"http:\/\/www.goldschmiedeinnung-stuttgart.de\/index.php?rest_route=\/wp\/v2\/pages\/112"}],"wp:attachment":[{"href":"http:\/\/www.goldschmiedeinnung-stuttgart.de\/index.php?rest_route=%2Fwp%2Fv2%2Fmedia&parent=100"}],"curies":[{"name":"wp","href":"https:\/\/api.w.org\/{rel}","templated":true}]}}